{"id":2349,"date":"2023-05-24T15:20:55","date_gmt":"2023-05-24T13:20:55","guid":{"rendered":"https:\/\/camp-monte-circle.me\/?page_id=2349"},"modified":"2023-05-24T17:25:55","modified_gmt":"2023-05-24T15:25:55","slug":"impressum","status":"publish","type":"page","link":"https:\/\/camp-monte-circle.me\/de\/impressum\/","title":{"rendered":"Impressum"},"content":{"rendered":"<p><div class=\"fusion-fullwidth fullwidth-box fusion-builder-row-1 fusion-flex-container has-pattern-background has-mask-background fusion-parallax-none nonhundred-percent-fullwidth non-hundred-percent-height-scrolling fusion-no-small-visibility lazyload\" style=\"--awb-border-radius-top-left:0px;--awb-border-radius-top-right:0px;--awb-border-radius-bottom-right:0px;--awb-border-radius-bottom-left:0px;--awb-padding-top:80px;--awb-padding-bottom:100px;--awb-margin-top:-80px;--awb-background-size:cover;--awb-flex-wrap:wrap;\" data-bg=\"https:\/\/camp-monte-circle.me\/wp-content\/uploads\/2023\/05\/Camp-Monte-Circle-Haftungsausschluss-Bild.jpg\" ><div class=\"fusion-builder-row fusion-row fusion-flex-align-items-flex-start fusion-flex-content-wrap\" style=\"max-width:1393.6px;margin-left: calc(-4% \/ 2 );margin-right: calc(-4% \/ 2 );\"><div class=\"fusion-layout-column fusion_builder_column fusion-builder-column-0 fusion_builder_column_1_1 1_1 fusion-flex-column\" style=\"--awb-bg-size:cover;--awb-width-large:100%;--awb-margin-top-large:0px;--awb-spacing-right-large:1.92%;--awb-margin-bottom-large:20px;--awb-spacing-left-large:1.92%;--awb-width-medium:100%;--awb-order-medium:0;--awb-spacing-right-medium:1.92%;--awb-spacing-left-medium:1.92%;--awb-width-small:100%;--awb-order-small:0;--awb-spacing-right-small:1.92%;--awb-spacing-left-small:1.92%;\"><div class=\"fusion-column-wrapper fusion-column-has-shadow fusion-flex-justify-content-flex-start fusion-content-layout-column\"><div class=\"fusion-separator fusion-full-width-sep\" style=\"align-self: center;margin-left: auto;margin-right: auto;margin-bottom:600px;width:100%;\"><\/div><\/div><\/div><\/div><\/div><div class=\"fusion-fullwidth fullwidth-box fusion-builder-row-2 fusion-flex-container has-pattern-background has-mask-background fusion-parallax-none nonhundred-percent-fullwidth non-hundred-percent-height-scrolling fusion-no-medium-visibility fusion-no-large-visibility lazyload\" style=\"--awb-background-position:right center;--awb-border-radius-top-left:0px;--awb-border-radius-top-right:0px;--awb-border-radius-bottom-right:0px;--awb-border-radius-bottom-left:0px;--awb-padding-bottom:100px;--awb-background-size:cover;--awb-flex-wrap:wrap;\" data-bg=\"https:\/\/camp-monte-circle.me\/wp-content\/uploads\/2023\/05\/Camp-Monte-Circle-Haftungsausschluss-Bild.jpg\" ><div class=\"fusion-builder-row fusion-row fusion-flex-align-items-flex-start fusion-flex-content-wrap\" style=\"max-width:1393.6px;margin-left: calc(-4% \/ 2 );margin-right: calc(-4% \/ 2 );\"><div class=\"fusion-layout-column fusion_builder_column fusion-builder-column-1 fusion_builder_column_1_1 1_1 fusion-flex-column\" style=\"--awb-bg-size:cover;--awb-width-large:100%;--awb-margin-top-large:0px;--awb-spacing-right-large:1.92%;--awb-margin-bottom-large:20px;--awb-spacing-left-large:1.92%;--awb-width-medium:100%;--awb-order-medium:0;--awb-spacing-right-medium:1.92%;--awb-spacing-left-medium:1.92%;--awb-width-small:100%;--awb-order-small:0;--awb-spacing-right-small:1.92%;--awb-spacing-left-small:1.92%;\"><div class=\"fusion-column-wrapper fusion-column-has-shadow fusion-flex-justify-content-flex-start fusion-content-layout-column\"><div class=\"fusion-separator fusion-full-width-sep\" style=\"align-self: center;margin-left: auto;margin-right: auto;margin-bottom:150px;width:100%;\"><\/div><\/div><\/div><\/div><\/div><div class=\"fusion-fullwidth fullwidth-box fusion-builder-row-3 fusion-flex-container has-pattern-background has-mask-background nonhundred-percent-fullwidth non-hundred-percent-height-scrolling\" style=\"--awb-border-radius-top-left:0px;--awb-border-radius-top-right:0px;--awb-border-radius-bottom-right:0px;--awb-border-radius-bottom-left:0px;--awb-padding-top:100px;--awb-flex-wrap:wrap;\" ><div class=\"fusion-builder-row fusion-row fusion-flex-align-items-flex-start fusion-flex-content-wrap\" style=\"max-width:1393.6px;margin-left: calc(-4% \/ 2 );margin-right: calc(-4% \/ 2 );\"><div class=\"fusion-layout-column fusion_builder_column fusion-builder-column-2 fusion_builder_column_1_1 1_1 fusion-flex-column\" style=\"--awb-bg-size:cover;--awb-width-large:100%;--awb-margin-top-large:0px;--awb-spacing-right-large:1.92%;--awb-margin-bottom-large:20px;--awb-spacing-left-large:1.92%;--awb-width-medium:100%;--awb-order-medium:0;--awb-spacing-right-medium:1.92%;--awb-spacing-left-medium:1.92%;--awb-width-small:100%;--awb-order-small:0;--awb-spacing-right-small:1.92%;--awb-spacing-left-small:1.92%;\"><div class=\"fusion-column-wrapper fusion-column-has-shadow fusion-flex-justify-content-flex-start fusion-content-layout-column\"><div class=\"fusion-text fusion-text-1\"><h2 style=\"text-align: center;\">Impressum<\/h2>\n<\/div><div class=\"fusion-separator\" style=\"align-self: center;margin-left: auto;margin-right: auto;margin-bottom:60px;width:100%;max-width:200px;\"><div class=\"fusion-separator-border sep-single sep-solid\" style=\"--awb-height:20px;--awb-amount:20px;--awb-sep-color:var(--awb-custom_color_1);border-color:var(--awb-custom_color_1);border-top-width:3px;\"><\/div><\/div><div class=\"fusion-text fusion-text-2\"><div class=\"fusion-text fusion-text-1\">\n<h4 class=\"fusion-responsive-typography-calculated\" style=\"text-align: center;\" data-fontsize=\"22\" data-lineheight=\"42.02px\">Angaben gem\u00e4\u00df \u00a7 5 TMG<\/h4>\n<div class=\"fusion-separator fusion-full-width-sep\" style=\"align-self: center;margin-left: auto;margin-right: auto;margin-bottom:40px;width:100%;\"><\/div><\/div>\n<div class=\"fusion-text fusion-text-2\">\n<h4 style=\"text-align: center;\" data-fontsize=\"18\" data-lineheight=\"37.98px\">Camp Monte Circle ist ein Projekt von:<\/h4>\n<h4 class=\"fusion-responsive-typography-calculated\" style=\"text-align: center;\" data-fontsize=\"18\" data-lineheight=\"37.98px\"><strong>D.O.C.C.\u00a0 d.o.o.<\/strong><\/h4>\n<\/div>\n<div class=\"fusion-text fusion-text-3\">\n<h6 style=\"text-align: center;\">DOCC d.o.o.<br \/>\nDevelopment &#8211; Organisation &#8211; Construction &#8211; Consulting<\/h6>\n<p style=\"text-align: center;\">Senad Daci\u0107 &amp; Julia Embacher<\/p>\n<p style=\"text-align: center;\">Dobra Voda bb<br \/>\n85000 Bar, Montenegro<\/p>\n<div class=\"fusion-separator fusion-full-width-sep\" style=\"align-self: center;margin-left: auto;margin-right: auto;margin-bottom:80px;width:100%;\"><\/div>\n<h5 class=\"fusion-responsive-typography-calculated\" data-fontsize=\"22\" data-lineheight=\"42.02px\"><strong>Vertreten durch<\/strong><\/h5>\n<\/div>\n<div class=\"fusion-text fusion-text-4\">\n<p>Senad Daci\u0107<br \/>\nDobra Voda bb<br \/>\n85000 Bar<br \/>\nMontenegro<\/p>\n<div class=\"fusion-separator fusion-full-width-sep\" style=\"align-self: center;margin-left: auto;margin-right: auto;margin-bottom:80px;width:100%;\"><\/div>\n<h5 class=\"fusion-responsive-typography-calculated\" data-fontsize=\"22\" data-lineheight=\"42.02px\"><strong>Vorsitzender des Aufsichtsrats<\/strong><\/h5>\n<\/div>\n<div class=\"fusion-text fusion-text-5\">\n<p>Senad Daci\u0107<\/p>\n<div class=\"fusion-separator fusion-full-width-sep\" style=\"align-self: center;margin-left: auto;margin-right: auto;margin-bottom:80px;width:100%;\"><\/div>\n<h5 class=\"fusion-responsive-typography-calculated\" data-fontsize=\"22\" data-lineheight=\"42.02px\">Kontakt<\/h5>\n<\/div>\n<div class=\"fusion-text fusion-text-6\">\n<p><strong>Telefon:<\/strong>\u00a0<a href=\"tel:+38269209925\">+382 69 20 99 25<\/a><br \/>\n<strong>E-Mail:<\/strong><a href=\"mailto:info@docc.me\"> info@docc.me<\/a><\/p>\n<p data-fontsize=\"22\" data-lineheight=\"42.02px\"><div class=\"fusion-separator fusion-full-width-sep\" style=\"align-self: center;margin-left: auto;margin-right: auto;margin-bottom:80px;width:100%;\"><\/div><\/p>\n<h5 class=\"fusion-responsive-typography-calculated\" data-fontsize=\"22\" data-lineheight=\"42.02px\">Verantwortlich f\u00fcr den Inhalt nach \u00a7 55 Abs. 2 RStV<\/h5>\n<\/div>\n<div class=\"fusion-text fusion-text-7\">\n<p>Julia Embacher<br \/>\nDobra Voda bb<br \/>\n85000 Bar<br \/>\nMontenegro<\/p>\n<div class=\"fusion-separator fusion-full-width-sep\" style=\"align-self: center;margin-left: auto;margin-right: auto;margin-bottom:80px;width:100%;\"><\/div>\n<h5 class=\"fusion-responsive-typography-calculated\" data-fontsize=\"22\" data-lineheight=\"42.02px\">EU-Streitschlichtung<\/h5>\n<\/div>\n<div class=\"fusion-text fusion-text-8\">\n<p>Die Europ\u00e4ische Kommission stellt eine Plattform zur Online-Streitbeilegung (OS) bereit:\u00a0<a href=\"https:\/\/ec.europa.eu\/consumers\/odr\" target=\"_blank\" rel=\"noopener noreferrer\">https:\/\/ec.europa.eu\/consumers\/odr<\/a>.<br \/>\nUnsere E-Mail-Adresse finden Sie oben im Impressum.<\/p>\n<div class=\"fusion-separator fusion-full-width-sep\" style=\"align-self: center;margin-left: auto;margin-right: auto;margin-bottom:80px;width:100%;\"><\/div>\n<h5 class=\"fusion-responsive-typography-calculated\" data-fontsize=\"22\" data-lineheight=\"42.02px\">Verbraucher\u00adstreit\u00adbeilegung\/Universal\u00adschlichtungs\u00adstelle<\/h5>\n<\/div>\n<div class=\"fusion-text fusion-text-9\">\n<p>Wir sind nicht bereit oder verpflichtet, an Streitbeilegungsverfahren vor einer Verbraucherschlichtungsstelle teilzunehmen.<\/p>\n<div class=\"fusion-separator fusion-full-width-sep\" style=\"align-self: center;margin-left: auto;margin-right: auto;margin-bottom:120px;width:100%;\"><\/div><\/div>\n<h3 style=\"text-align: center;\">Haftungsausschluss<\/h3>\n<div class=\"fusion-separator\" style=\"align-self: center;margin-left: auto;margin-right: auto;margin-bottom:80px;width:100%;max-width:200px;\"><div class=\"fusion-separator-border sep-single sep-solid\" style=\"--awb-height:20px;--awb-amount:20px;--awb-sep-color:var(--awb-custom_color_1);border-color:var(--awb-custom_color_1);border-top-width:3px;\"><\/div><\/div>\n<div class=\"fusion-text fusion-text-9\">\n<h5 class=\"fusion-responsive-typography-calculated\" style=\"text-align: center;\" data-fontsize=\"22\" data-lineheight=\"42.02px\">Haftung f\u00fcr Inhalte<\/h5>\n<\/div>\n<div class=\"fusion-text fusion-text-10\">\n<p style=\"text-align: center;\">Als Diensteanbieter sind wir gem\u00e4\u00df \u00a7 7 Abs.1 TMG f\u00fcr eigene Inhalte auf diesen Seiten nach den allgemeinen Gesetzen verantwortlich. Nach \u00a7\u00a7 8 bis 10 TMG sind wir als Diensteanbieter jedoch nicht verpflichtet, \u00fcbermittelte oder gespeicherte fremde Informationen zu \u00fcberwachen oder nach Umst\u00e4nden zu forschen, die auf eine rechtswidrige T\u00e4tigkeit hinweisen.<\/p>\n<p style=\"text-align: center;\">Verpflichtungen zur Entfernung oder Sperrung der Nutzung von Informationen nach den allgemeinen Gesetzen bleiben hiervon unber\u00fchrt. Eine diesbez\u00fcgliche Haftung ist jedoch erst ab dem Zeitpunkt der Kenntnis einer konkreten Rechtsverletzung m\u00f6glich. Bei Bekanntwerden von entsprechenden Rechtsverletzungen werden wir diese Inhalte umgehend entfernen.<\/p>\n<div class=\"fusion-separator fusion-full-width-sep\" style=\"align-self: center;margin-left: auto;margin-right: auto;margin-bottom:80px;width:100%;\"><\/div>\n<h5 class=\"fusion-responsive-typography-calculated\" style=\"text-align: center;\" data-fontsize=\"22\" data-lineheight=\"42.02px\">Haftung f\u00fcr Links<\/h5>\n<\/div>\n<div class=\"fusion-text fusion-text-11\">\n<p style=\"text-align: center;\">Unser Angebot enth\u00e4lt Links zu externen Websites Dritter, auf deren Inhalte wir keinen Einfluss haben. Deshalb k\u00f6nnen wir f\u00fcr diese fremden Inhalte auch keine Gew\u00e4hr \u00fcbernehmen. F\u00fcr die Inhalte der verlinkten Seiten ist stets der jeweilige Anbieter oder Betreiber der Seiten verantwortlich. Die verlinkten Seiten wurden zum Zeitpunkt der Verlinkung auf m\u00f6gliche Rechtsverst\u00f6\u00dfe \u00fcberpr\u00fcft. Rechtswidrige Inhalte waren zum Zeitpunkt der Verlinkung nicht erkennbar.<\/p>\n<p style=\"text-align: center;\">Eine permanente inhaltliche Kontrolle der verlinkten Seiten ist jedoch ohne konkrete Anhaltspunkte einer Rechtsverletzung nicht zumutbar. Bei Bekanntwerden von Rechtsverletzungen werden wir derartige Links umgehend entfernen.<\/p>\n<p data-fontsize=\"22\" data-lineheight=\"42.02px\"><div class=\"fusion-separator fusion-full-width-sep\" style=\"align-self: center;margin-left: auto;margin-right: auto;margin-bottom:80px;width:100%;\"><\/div><\/p>\n<h5 class=\"fusion-responsive-typography-calculated\" style=\"text-align: center;\" data-fontsize=\"22\" data-lineheight=\"42.02px\">Urheberrecht<\/h5>\n<\/div>\n<div class=\"fusion-sep-clear\" style=\"text-align: center;\">Die durch die Seitenbetreiber erstellten Inhalte und Werke auf diesen Seiten unterliegen dem deutschen Urheberrecht. Die Vervielf\u00e4ltigung, Bearbeitung, Verbreitung und jede Art der Verwertung au\u00dferhalb der Grenzen des Urheberrechtes bed\u00fcrfen der schriftlichen Zustimmung des jeweiligen Autors bzw. Erstellers. Downloads und Kopien dieser Seite sind nur f\u00fcr den privaten, nicht kommerziellen Gebrauch gestattet.<\/div>\n<div class=\"fusion-text fusion-text-12\">\n<p style=\"text-align: center;\">Soweit die Inhalte auf dieser Seite nicht vom Betreiber erstellt wurden, werden die Urheberrechte Dritter beachtet. Insbesondere werden Inhalte Dritter als solche gekennzeichnet. Sollten Sie trotzdem auf eine Urheberrechtsverletzung aufmerksam werden, bitten wir um einen entsprechenden Hinweis. Bei Bekanntwerden von Rechtsverletzungen werden wir derartige Inhalte umgehend entfernen.<\/p>\n<\/div>\n<\/div><\/div><\/div><\/div><\/div><\/p>\n","protected":false},"excerpt":{"rendered":"","protected":false},"author":1,"featured_media":0,"parent":0,"menu_order":0,"comment_status":"closed","ping_status":"closed","template":"100-width.php","meta":{"footnotes":""},"class_list":["post-2349","page","type-page","status-publish","hentry"],"yoast_head":"<!-- This site is optimized with the Yoast SEO plugin v27.1.1 - https:\/\/yoast.com\/product\/yoast-seo-wordpress\/ -->\n<title>Impressum - Camp Monte Circle<\/title>\n<meta name=\"robots\" content=\"index, follow, max-snippet:-1, max-image-preview:large, max-video-preview:-1\" \/>\n<link rel=\"canonical\" href=\"https:\/\/camp-monte-circle.me\/de\/impressum\/\" \/>\n<meta property=\"og:locale\" content=\"de_DE\" \/>\n<meta property=\"og:type\" content=\"article\" \/>\n<meta property=\"og:title\" content=\"Impressum - Camp Monte Circle\" \/>\n<meta property=\"og:url\" content=\"https:\/\/camp-monte-circle.me\/de\/impressum\/\" \/>\n<meta property=\"og:site_name\" content=\"Camp Monte Circle\" \/>\n<meta property=\"article:publisher\" content=\"https:\/\/www.facebook.com\/campdapcevici\/\" \/>\n<meta property=\"article:modified_time\" content=\"2023-05-24T15:25:55+00:00\" \/>\n<meta name=\"twitter:card\" content=\"summary_large_image\" \/>\n<meta name=\"twitter:label1\" content=\"Gesch\u00e4tzte Lesezeit\" \/>\n\t<meta name=\"twitter:data1\" content=\"18\u00a0Minuten\" \/>\n<script type=\"application\/ld+json\" class=\"yoast-schema-graph\">{\"@context\":\"https:\/\/schema.org\",\"@graph\":[{\"@type\":\"WebPage\",\"@id\":\"https:\/\/camp-monte-circle.me\/de\/impressum\/\",\"url\":\"https:\/\/camp-monte-circle.me\/de\/impressum\/\",\"name\":\"Impressum - Camp Monte Circle\",\"isPartOf\":{\"@id\":\"https:\/\/camp-monte-circle.me\/de\/#website\"},\"datePublished\":\"2023-05-24T13:20:55+00:00\",\"dateModified\":\"2023-05-24T15:25:55+00:00\",\"breadcrumb\":{\"@id\":\"https:\/\/camp-monte-circle.me\/de\/impressum\/#breadcrumb\"},\"inLanguage\":\"de\",\"potentialAction\":[{\"@type\":\"ReadAction\",\"target\":[\"https:\/\/camp-monte-circle.me\/de\/impressum\/\"]}]},{\"@type\":\"BreadcrumbList\",\"@id\":\"https:\/\/camp-monte-circle.me\/de\/impressum\/#breadcrumb\",\"itemListElement\":[{\"@type\":\"ListItem\",\"position\":1,\"name\":\"Home\",\"item\":\"https:\/\/camp-monte-circle.me\/de\/\"},{\"@type\":\"ListItem\",\"position\":2,\"name\":\"Impressum\"}]},{\"@type\":\"WebSite\",\"@id\":\"https:\/\/camp-monte-circle.me\/de\/#website\",\"url\":\"https:\/\/camp-monte-circle.me\/de\/\",\"name\":\"Camp Dap\u010devi\u0107i\",\"description\":\"Spiel, Spass und Abenteuer in Montenegro\",\"publisher\":{\"@id\":\"https:\/\/camp-monte-circle.me\/de\/#organization\"},\"potentialAction\":[{\"@type\":\"SearchAction\",\"target\":{\"@type\":\"EntryPoint\",\"urlTemplate\":\"https:\/\/camp-monte-circle.me\/de\/?s={search_term_string}\"},\"query-input\":{\"@type\":\"PropertyValueSpecification\",\"valueRequired\":true,\"valueName\":\"search_term_string\"}}],\"inLanguage\":\"de\"},{\"@type\":\"Organization\",\"@id\":\"https:\/\/camp-monte-circle.me\/de\/#organization\",\"name\":\"Camp Dap\u010devi\u0107i\",\"url\":\"https:\/\/camp-monte-circle.me\/de\/\",\"logo\":{\"@type\":\"ImageObject\",\"inLanguage\":\"de\",\"@id\":\"https:\/\/camp-monte-circle.me\/de\/#\/schema\/logo\/image\/\",\"url\":\"https:\/\/i0.wp.com\/camp-monte-circle.me\/wp-content\/uploads\/2024\/04\/Camp-Dapcevici-Logo-600.png?fit=600%2C594&ssl=1\",\"contentUrl\":\"https:\/\/i0.wp.com\/camp-monte-circle.me\/wp-content\/uploads\/2024\/04\/Camp-Dapcevici-Logo-600.png?fit=600%2C594&ssl=1\",\"width\":600,\"height\":594,\"caption\":\"Camp Dap\u010devi\u0107i\"},\"image\":{\"@id\":\"https:\/\/camp-monte-circle.me\/de\/#\/schema\/logo\/image\/\"},\"sameAs\":[\"https:\/\/www.facebook.com\/campdapcevici\/\",\"https:\/\/www.instagram.com\/campdapcevici\/\"]}]}<\/script>\n<!-- \/ Yoast SEO plugin. -->","yoast_head_json":{"title":"Impressum - Camp Monte Circle","robots":{"index":"index","follow":"follow","max-snippet":"max-snippet:-1","max-image-preview":"max-image-preview:large","max-video-preview":"max-video-preview:-1"},"canonical":"https:\/\/camp-monte-circle.me\/de\/impressum\/","og_locale":"de_DE","og_type":"article","og_title":"Impressum - Camp Monte Circle","og_url":"https:\/\/camp-monte-circle.me\/de\/impressum\/","og_site_name":"Camp Monte Circle","article_publisher":"https:\/\/www.facebook.com\/campdapcevici\/","article_modified_time":"2023-05-24T15:25:55+00:00","twitter_card":"summary_large_image","twitter_misc":{"Gesch\u00e4tzte Lesezeit":"18\u00a0Minuten"},"schema":{"@context":"https:\/\/schema.org","@graph":[{"@type":"WebPage","@id":"https:\/\/camp-monte-circle.me\/de\/impressum\/","url":"https:\/\/camp-monte-circle.me\/de\/impressum\/","name":"Impressum - Camp Monte Circle","isPartOf":{"@id":"https:\/\/camp-monte-circle.me\/de\/#website"},"datePublished":"2023-05-24T13:20:55+00:00","dateModified":"2023-05-24T15:25:55+00:00","breadcrumb":{"@id":"https:\/\/camp-monte-circle.me\/de\/impressum\/#breadcrumb"},"inLanguage":"de","potentialAction":[{"@type":"ReadAction","target":["https:\/\/camp-monte-circle.me\/de\/impressum\/"]}]},{"@type":"BreadcrumbList","@id":"https:\/\/camp-monte-circle.me\/de\/impressum\/#breadcrumb","itemListElement":[{"@type":"ListItem","position":1,"name":"Home","item":"https:\/\/camp-monte-circle.me\/de\/"},{"@type":"ListItem","position":2,"name":"Impressum"}]},{"@type":"WebSite","@id":"https:\/\/camp-monte-circle.me\/de\/#website","url":"https:\/\/camp-monte-circle.me\/de\/","name":"Camp Dap\u010devi\u0107i","description":"Spiel, Spass und Abenteuer in Montenegro","publisher":{"@id":"https:\/\/camp-monte-circle.me\/de\/#organization"},"potentialAction":[{"@type":"SearchAction","target":{"@type":"EntryPoint","urlTemplate":"https:\/\/camp-monte-circle.me\/de\/?s={search_term_string}"},"query-input":{"@type":"PropertyValueSpecification","valueRequired":true,"valueName":"search_term_string"}}],"inLanguage":"de"},{"@type":"Organization","@id":"https:\/\/camp-monte-circle.me\/de\/#organization","name":"Camp Dap\u010devi\u0107i","url":"https:\/\/camp-monte-circle.me\/de\/","logo":{"@type":"ImageObject","inLanguage":"de","@id":"https:\/\/camp-monte-circle.me\/de\/#\/schema\/logo\/image\/","url":"https:\/\/i0.wp.com\/camp-monte-circle.me\/wp-content\/uploads\/2024\/04\/Camp-Dapcevici-Logo-600.png?fit=600%2C594&ssl=1","contentUrl":"https:\/\/i0.wp.com\/camp-monte-circle.me\/wp-content\/uploads\/2024\/04\/Camp-Dapcevici-Logo-600.png?fit=600%2C594&ssl=1","width":600,"height":594,"caption":"Camp Dap\u010devi\u0107i"},"image":{"@id":"https:\/\/camp-monte-circle.me\/de\/#\/schema\/logo\/image\/"},"sameAs":["https:\/\/www.facebook.com\/campdapcevici\/","https:\/\/www.instagram.com\/campdapcevici\/"]}]}},"jetpack_sharing_enabled":true,"_links":{"self":[{"href":"https:\/\/camp-monte-circle.me\/de\/wp-json\/wp\/v2\/pages\/2349","targetHints":{"allow":["GET"]}}],"collection":[{"href":"https:\/\/camp-monte-circle.me\/de\/wp-json\/wp\/v2\/pages"}],"about":[{"href":"https:\/\/camp-monte-circle.me\/de\/wp-json\/wp\/v2\/types\/page"}],"author":[{"embeddable":true,"href":"https:\/\/camp-monte-circle.me\/de\/wp-json\/wp\/v2\/users\/1"}],"replies":[{"embeddable":true,"href":"https:\/\/camp-monte-circle.me\/de\/wp-json\/wp\/v2\/comments?post=2349"}],"version-history":[{"count":7,"href":"https:\/\/camp-monte-circle.me\/de\/wp-json\/wp\/v2\/pages\/2349\/revisions"}],"predecessor-version":[{"id":2403,"href":"https:\/\/camp-monte-circle.me\/de\/wp-json\/wp\/v2\/pages\/2349\/revisions\/2403"}],"wp:attachment":[{"href":"https:\/\/camp-monte-circle.me\/de\/wp-json\/wp\/v2\/media?parent=2349"}],"curies":[{"name":"wp","href":"https:\/\/api.w.org\/{rel}","templated":true}]}}